{"id":351,"date":"2025-08-13T12:19:46","date_gmt":"2025-08-13T12:19:46","guid":{"rendered":"https:\/\/ivsahealth.org\/?page_id=351"},"modified":"2026-04-07T20:43:05","modified_gmt":"2026-04-07T20:43:05","slug":"mission","status":"publish","type":"page","link":"https:\/\/ivsahealth.org\/de\/mission\/","title":{"rendered":"Mission"},"content":{"rendered":"<div data-elementor-type=\"wp-page\" data-elementor-id=\"351\" class=\"elementor elementor-351\" data-elementor-post-type=\"page\">\n\t\t\t\t<div class=\"elementor-element elementor-element-0a56b37 e-flex e-con-boxed e-con e-parent\" data-id=\"0a56b37\" data-element_type=\"container\" data-e-type=\"container\" data-settings=\"{&quot;background_background&quot;:&quot;classic&quot;}\">\n\t\t\t\t\t<div class=\"e-con-inner\">\n\t\t<div class=\"elementor-element elementor-element-6ef8060 e-con-full e-flex elementor-invisible e-con e-child\" data-id=\"6ef8060\" data-element_type=\"container\" data-e-type=\"container\" data-settings=\"{&quot;animation&quot;:&quot;fadeInRight&quot;}\">\n\t\t\t\t<div class=\"elementor-element elementor-element-d0f2e56 elementor-widget__width-initial elementor-widget elementor-widget-heading\" data-id=\"d0f2e56\" data-element_type=\"widget\" data-e-type=\"widget\" data-widget_type=\"heading.default\">\n\t\t\t\t\t<h2 class=\"elementor-heading-title elementor-size-default\">Leitbild der Internationalen Vereinigung f\u00fcr Gef\u00e4\u00dfchirurgie (IVSA)<\/h2>\t\t\t\t<\/div>\n\t\t\t\t<\/div>\n\t\t\t\t\t<\/div>\n\t\t\t\t<\/div>\n\t\t<div class=\"elementor-element elementor-element-184b1cc4 e-flex e-con-boxed e-con e-parent\" data-id=\"184b1cc4\" data-element_type=\"container\" data-e-type=\"container\">\n\t\t\t\t\t<div class=\"e-con-inner\">\n\t\t<div class=\"elementor-element elementor-element-2d961858 e-con-full e-flex e-con e-child\" data-id=\"2d961858\" data-element_type=\"container\" data-e-type=\"container\">\n\t\t<div class=\"elementor-element elementor-element-43e91a28 e-con-full e-flex elementor-invisible e-con e-child\" data-id=\"43e91a28\" data-element_type=\"container\" data-e-type=\"container\" data-settings=\"{&quot;animation&quot;:&quot;fadeInRight&quot;}\">\n\t\t\t\t<div class=\"elementor-element elementor-element-161644a7 elementor-widget elementor-widget-text-editor\" data-id=\"161644a7\" data-element_type=\"widget\" data-e-type=\"widget\" data-widget_type=\"text-editor.default\">\n\t\t\t\t\t\t\t\t\t<p><span style=\"font-weight: 400;\">Das <\/span><b>IVSA Health - Internationale Vereinigung f\u00fcr Gef\u00e4\u00dfchirurgie<\/b><span style=\"font-weight: 400;\"> widmet sich Exzellenz, Innovation und globaler Zusammenarbeit auf dem Gebiet der <\/span><b>Gef\u00e4\u00df- und endovaskul\u00e4re Chirurgie<\/b><span style=\"font-weight: 400;\">Unsere Mission basiert auf drei S\u00e4ulen:<\/span><\/p>\t\t\t\t\t\t\t\t<\/div>\n\t\t\t\t<\/div>\n\t\t\t\t<\/div>\n\t\t\t\t\t<\/div>\n\t\t\t\t<\/div>\n\t\t<div class=\"elementor-element elementor-element-22b9fa0 e-flex e-con-boxed e-con e-parent\" data-id=\"22b9fa0\" data-element_type=\"container\" data-e-type=\"container\">\n\t\t\t\t\t<div class=\"e-con-inner\">\n\t\t<div class=\"elementor-element elementor-element-002bdf0 e-con-full e-flex e-con e-child\" data-id=\"002bdf0\" data-element_type=\"container\" data-e-type=\"container\">\n\t\t<div class=\"elementor-element elementor-element-51807ee e-con-full e-flex elementor-invisible e-con e-child\" data-id=\"51807ee\" data-element_type=\"container\" data-e-type=\"container\" data-settings=\"{&quot;animation&quot;:&quot;fadeInRight&quot;}\">\n\t\t\t\t<div class=\"elementor-element elementor-element-f4b969a elementor-widget elementor-widget-heading\" data-id=\"f4b969a\" data-element_type=\"widget\" data-e-type=\"widget\" data-widget_type=\"heading.default\">\n\t\t\t\t\t<h2 class=\"elementor-heading-title elementor-size-default\">1. Fortschritte in der Gef\u00e4\u00dfchirurgie f\u00fcr eine bessere globale Gesundheit<\/h2>\t\t\t\t<\/div>\n\t\t\t\t<div class=\"elementor-element elementor-element-973e9e2 elementor-widget elementor-widget-text-editor\" data-id=\"973e9e2\" data-element_type=\"widget\" data-e-type=\"widget\" data-widget_type=\"text-editor.default\">\n\t\t\t\t\t\t\t\t\t<p><span style=\"font-weight: 400;\">IVSA fungiert als <\/span><b>Weltweite Fachorganisation f\u00fcr die Diagnose, Pr\u00e4vention und umfassende Behandlung von Gef\u00e4\u00dferkrankungen<\/b><span style=\"font-weight: 400;\">.<\/span><span style=\"font-weight: 400;\"><br \/><\/span><span style=\"font-weight: 400;\"> Unser Engagement umfasst:<\/span><\/p>\t\t\t\t\t\t\t\t<\/div>\n\t\t\t\t<div class=\"elementor-element elementor-element-cfbd664 elementor-widget elementor-widget-text-editor\" data-id=\"cfbd664\" data-element_type=\"widget\" data-e-type=\"widget\" data-widget_type=\"text-editor.default\">\n\t\t\t\t\t\t\t\t\t<ul><li style=\"font-weight: 400;\" aria-level=\"1\"><span style=\"font-weight: 400;\">F\u00f6rderung hoher Standards in <\/span><b>Gef\u00e4\u00df- und endovaskul\u00e4re Chirurgie<\/b><span style=\"font-weight: 400;\"> die Behandlungsergebnisse f\u00fcr Patienten zu verbessern.<\/span><\/li><li style=\"font-weight: 400;\" aria-level=\"1\"><span style=\"font-weight: 400;\">Sensibilisierung f\u00fcr <\/span><b>Gef\u00e4\u00dfgesundheit<\/b><span style=\"font-weight: 400;\"> durch Aufkl\u00e4rung, Interessenvertretung und \u00f6ffentliches Engagement.<\/span><\/li><li style=\"font-weight: 400;\" aria-level=\"1\"><span style=\"font-weight: 400;\">Bereitstellung von Beratung, Informationen und Fachwissen sowohl f\u00fcr medizinisches Fachpersonal als auch f\u00fcr die allgemeine \u00d6ffentlichkeit.<\/span><\/li><li style=\"font-weight: 400;\" aria-level=\"1\"><span style=\"font-weight: 400;\">Verfechten <\/span><b>Personalisierte, evidenzbasierte Gef\u00e4\u00dfversorgung<\/b><span style=\"font-weight: 400;\"> auf unterschiedliche Bev\u00f6lkerungsgruppen zugeschnitten.<\/span><\/li><li style=\"font-weight: 400;\" aria-level=\"1\"><span style=\"font-weight: 400;\">Vertretung der gemeinsamen Stimme der internationalen Gef\u00e4\u00dfchirurgen-Gemeinschaft.<\/span><\/li><\/ul>\t\t\t\t\t\t\t\t<\/div>\n\t\t\t\t<\/div>\n\t\t\t\t<\/div>\n\t\t\t\t\t<\/div>\n\t\t\t\t<\/div>\n\t\t<div class=\"elementor-element elementor-element-65e3af9 e-flex e-con-boxed e-con e-parent\" data-id=\"65e3af9\" data-element_type=\"container\" data-e-type=\"container\">\n\t\t\t\t\t<div class=\"e-con-inner\">\n\t\t<div class=\"elementor-element elementor-element-42330db e-con-full e-flex e-con e-child\" data-id=\"42330db\" data-element_type=\"container\" data-e-type=\"container\">\n\t\t<div class=\"elementor-element elementor-element-635a488 e-con-full e-flex elementor-invisible e-con e-child\" data-id=\"635a488\" data-element_type=\"container\" data-e-type=\"container\" data-settings=\"{&quot;animation&quot;:&quot;fadeInRight&quot;}\">\n\t\t\t\t<div class=\"elementor-element elementor-element-758d6ca elementor-widget elementor-widget-heading\" data-id=\"758d6ca\" data-element_type=\"widget\" data-e-type=\"widget\" data-widget_type=\"heading.default\">\n\t\t\t\t\t<h2 class=\"elementor-heading-title elementor-size-default\">2. F\u00f6rderung von Forschung, Innovation und wissenschaftlichem Austausch<\/h2>\t\t\t\t<\/div>\n\t\t\t\t<div class=\"elementor-element elementor-element-827cd72 elementor-widget elementor-widget-text-editor\" data-id=\"827cd72\" data-element_type=\"widget\" data-e-type=\"widget\" data-widget_type=\"text-editor.default\">\n\t\t\t\t\t\t\t\t\t<p><span style=\"font-weight: 400;\">Als f\u00fchrende wissenschaftliche Autorit\u00e4t hat sich die IVSA verpflichtet:<\/span><\/p>\t\t\t\t\t\t\t\t<\/div>\n\t\t\t\t<div class=\"elementor-element elementor-element-21087e4 elementor-widget elementor-widget-text-editor\" data-id=\"21087e4\" data-element_type=\"widget\" data-e-type=\"widget\" data-widget_type=\"text-editor.default\">\n\t\t\t\t\t\t\t\t\t<ul><li style=\"font-weight: 400;\" aria-level=\"1\"><span style=\"font-weight: 400;\">Unterst\u00fctzung und Koordination <\/span><b>globale Gef\u00e4\u00dfforschung<\/b><span style=\"font-weight: 400;\"> was zu besseren Diagnosen und Behandlungen f\u00fchrt.<\/span><\/li><li style=\"font-weight: 400;\" aria-level=\"1\"><span style=\"font-weight: 400;\">\u00dcbersetzung von Spitzenforschung in praktische klinische Anwendungen.<\/span><\/li><li style=\"font-weight: 400;\" aria-level=\"1\"><span style=\"font-weight: 400;\">\u00dcbersetzung von Spitzenforschung in praktische klinische Anwendungen. <\/span><b>wissenschaftlicher Austausch, Bildung und berufliche Weiterbildung<\/b><span style=\"font-weight: 400;\">.<\/span><\/li><li style=\"font-weight: 400;\" aria-level=\"1\">F\u00f6rderung <b style=\"font-style: inherit;\">technologische Innovation<\/b><span style=\"font-weight: 400;\">, <\/span><b style=\"font-style: inherit;\">interdisziplin\u00e4re Zusammenarbeit<\/b><span style=\"font-weight: 400;\">und <\/span><b style=\"font-style: inherit;\">grenz\u00fcberschreitende medizinische Partnerschaften<\/b><span style=\"font-weight: 400;\">.<\/span><\/li><\/ul>\t\t\t\t\t\t\t\t<\/div>\n\t\t\t\t<\/div>\n\t\t\t\t<\/div>\n\t\t\t\t\t<\/div>\n\t\t\t\t<\/div>\n\t\t<div class=\"elementor-element elementor-element-340ff2b e-flex e-con-boxed e-con e-parent\" data-id=\"340ff2b\" data-element_type=\"container\" data-e-type=\"container\">\n\t\t\t\t\t<div class=\"e-con-inner\">\n\t\t<div class=\"elementor-element elementor-element-6f160b3 e-con-full e-flex e-con e-child\" data-id=\"6f160b3\" data-element_type=\"container\" data-e-type=\"container\">\n\t\t<div class=\"elementor-element elementor-element-0b33eaa e-con-full e-flex elementor-invisible e-con e-child\" data-id=\"0b33eaa\" data-element_type=\"container\" data-e-type=\"container\" data-settings=\"{&quot;animation&quot;:&quot;fadeInRight&quot;}\">\n\t\t\t\t<div class=\"elementor-element elementor-element-cf52e75 elementor-widget elementor-widget-heading\" data-id=\"cf52e75\" data-element_type=\"widget\" data-e-type=\"widget\" data-widget_type=\"heading.default\">\n\t\t\t\t\t<h2 class=\"elementor-heading-title elementor-size-default\">3. Die n\u00e4chste Generation von Gef\u00e4\u00dfspezialisten inspirieren<\/h2>\t\t\t\t<\/div>\n\t\t\t\t<div class=\"elementor-element elementor-element-c615440 elementor-widget elementor-widget-text-editor\" data-id=\"c615440\" data-element_type=\"widget\" data-e-type=\"widget\" data-widget_type=\"text-editor.default\">\n\t\t\t\t\t\t\t\t\t<p><span style=\"font-weight: 400;\">Wir glauben <\/span><b>Die Gef\u00e4\u00dfchirurgie ist ein dynamisches und inspirierendes Fachgebiet.<\/b><span style=\"font-weight: 400;\"> mit der Kraft, Leben zu ver\u00e4ndern.<br \/><\/span><span style=\"font-weight: 400;\">Bei IVSA:<\/span><\/p>\t\t\t\t\t\t\t\t<\/div>\n\t\t\t\t<div class=\"elementor-element elementor-element-0264157 elementor-widget elementor-widget-text-editor\" data-id=\"0264157\" data-element_type=\"widget\" data-e-type=\"widget\" data-widget_type=\"text-editor.default\">\n\t\t\t\t\t\t\t\t\t<ul><li style=\"font-weight: 400;\" aria-level=\"1\"><span style=\"font-weight: 400;\">F\u00f6rdern Sie eine Kultur der Innovation, Empathie und modernen medizinischen Praxis.<\/span><\/li><li style=\"font-weight: 400;\" aria-level=\"1\"><span style=\"font-weight: 400;\">Unterst\u00fctzung der digitalen Transformation und nachhaltiger Gesundheitsmodelle.<\/span><\/li><li style=\"font-weight: 400;\" aria-level=\"1\"><span style=\"font-weight: 400;\">Sich f\u00fcr integrative, flexible und familienfreundliche Arbeitsumgebungen in der Gef\u00e4\u00dfchirurgie einsetzen.<\/span><\/li><li style=\"font-weight: 400;\" aria-level=\"1\"><span style=\"font-weight: 400;\">Chancen schaffen f\u00fcr <\/span><b>junge Chirurgen und medizinische Fachkr\u00e4fte<\/b><span style=\"font-weight: 400;\"> wachsen und f\u00fchren.<\/span><\/li><li style=\"font-weight: 400;\" aria-level=\"1\"><span style=\"font-weight: 400;\">St\u00e4rkung der globalen Gef\u00e4\u00dfgemeinschaft durch offene, kooperative und transparente Kommunikation.<\/span><\/li><\/ul>\t\t\t\t\t\t\t\t<\/div>\n\t\t\t\t<\/div>\n\t\t\t\t<\/div>\n\t\t\t\t\t<\/div>\n\t\t\t\t<\/div>\n\t\t<div class=\"elementor-element elementor-element-a22f313 e-flex e-con-boxed e-con e-parent\" data-id=\"a22f313\" data-element_type=\"container\" data-e-type=\"container\">\n\t\t\t\t\t<div class=\"e-con-inner\">\n\t\t<div class=\"elementor-element elementor-element-dd3160c e-con-full e-flex e-con e-child\" data-id=\"dd3160c\" data-element_type=\"container\" data-e-type=\"container\">\n\t\t<div class=\"elementor-element elementor-element-3e3d848 e-con-full e-flex elementor-invisible e-con e-child\" data-id=\"3e3d848\" data-element_type=\"container\" data-e-type=\"container\" data-settings=\"{&quot;animation&quot;:&quot;fadeInRight&quot;}\">\n\t\t\t\t<div class=\"elementor-element elementor-element-b809dab elementor-widget elementor-widget-heading\" data-id=\"b809dab\" data-element_type=\"widget\" data-e-type=\"widget\" data-widget_type=\"heading.default\">\n\t\t\t\t\t<h2 class=\"elementor-heading-title elementor-size-default\">Durch Wissenschaft, Zusammenarbeit und Mitgef\u00fchl gestaltet die IVSA die Zukunft der Gef\u00e4\u00dfchirurgie \u2013 weltweit.<\/h2>\t\t\t\t<\/div>\n\t\t\t\t<\/div>\n\t\t\t\t<\/div>\n\t\t\t\t\t<\/div>\n\t\t\t\t<\/div>\n\t\t<div class=\"elementor-element elementor-element-31569e19 e-flex e-con-boxed e-con e-parent\" data-id=\"31569e19\" data-element_type=\"container\" data-e-type=\"container\" data-settings=\"{&quot;background_background&quot;:&quot;classic&quot;}\">\n\t\t\t\t\t<div class=\"e-con-inner\">\n\t\t<div class=\"elementor-element elementor-element-2544543a e-con-full e-flex elementor-invisible e-con e-child\" data-id=\"2544543a\" data-element_type=\"container\" data-e-type=\"container\" data-settings=\"{&quot;animation&quot;:&quot;fadeInRight&quot;}\">\n\t\t\t\t<div class=\"elementor-element elementor-element-2a574cf6 elementor-widget elementor-widget-heading\" data-id=\"2a574cf6\" data-element_type=\"widget\" data-e-type=\"widget\" data-widget_type=\"heading.default\">\n\t\t\t\t\t<h2 class=\"elementor-heading-title elementor-size-default\">Los geht's<\/h2>\t\t\t\t<\/div>\n\t\t\t\t<div class=\"elementor-element elementor-element-1b6f6a4d elementor-widget__width-initial elementor-widget-mobile__width-initial elementor-widget elementor-widget-heading\" data-id=\"1b6f6a4d\" data-element_type=\"widget\" data-e-type=\"widget\" data-widget_type=\"heading.default\">\n\t\t\t\t\t<h2 class=\"elementor-heading-title elementor-size-default\">Lassen Sie uns etwas Unvergessliches schaffen<\/h2>\t\t\t\t<\/div>\n\t\t\t\t<div class=\"elementor-element elementor-element-40cf1efc elementor-widget__width-initial elementor-widget-tablet__width-initial elementor-widget elementor-widget-text-editor\" data-id=\"40cf1efc\" data-element_type=\"widget\" data-e-type=\"widget\" data-widget_type=\"text-editor.default\">\n\t\t\t\t\t\t\t\t\t<p>Gemeinsam k\u00f6nnen wir die Wissenschaft und Praxis der Gef\u00e4\u00dfchirurgie weltweit voranbringen.<\/p>\t\t\t\t\t\t\t\t<\/div>\n\t\t<div class=\"elementor-element elementor-element-2e082ae3 e-con-full e-flex e-con e-child\" data-id=\"2e082ae3\" data-element_type=\"container\" data-e-type=\"container\">\n\t\t\t\t<div class=\"elementor-element elementor-element-cbbd757 elementor-align-center elementor-mobile-align-justify elementor-widget elementor-widget-button\" data-id=\"cbbd757\" data-element_type=\"widget\" data-e-type=\"widget\" data-widget_type=\"button.default\">\n\t\t\t\t\t\t\t\t\t\t<a class=\"elementor-button elementor-button-link elementor-size-sm\" href=\"https:\/\/ivsahealth.org\/de\/mitgliedschaft\/\">\n\t\t\t\t\t\t<span class=\"elementor-button-content-wrapper\">\n\t\t\t\t\t\t\t\t\t<span class=\"elementor-button-text\">Mitglied werden<\/span>\n\t\t\t\t\t<\/span>\n\t\t\t\t\t<\/a>\n\t\t\t\t\t\t\t\t<\/div>\n\t\t\t\t<\/div>\n\t\t\t\t<\/div>\n\t\t\t\t\t<\/div>\n\t\t\t\t<\/div>\n\t\t\t\t<\/div>","protected":false},"excerpt":{"rendered":"<p>Mission Statement of the International Vascular Surgery Association (IVSA) The International Vascular Surgery Association (IVSA) is dedicated to excellence, innovation, [&hellip;]<\/p>\n","protected":false},"author":1,"featured_media":0,"parent":0,"menu_order":0,"comment_status":"closed","ping_status":"closed","template":"elementor_header_footer","meta":{"give_campaign_id":0,"site-sidebar-layout":"no-sidebar","site-content-layout":"","ast-site-content-layout":"full-width-container","site-content-style":"default","site-sidebar-style":"default","ast-global-header-display":"","ast-banner-title-visibility":"","ast-main-header-display":"","ast-hfb-above-header-display":"","ast-hfb-below-header-display":"","ast-hfb-mobile-header-display":"","site-post-title":"","ast-breadcrumbs-content":"","ast-featured-img":"disabled","footer-sml-layout":"","ast-disable-related-posts":"","theme-transparent-header-meta":"","adv-header-id-meta":"","stick-header-meta":"","header-above-stick-meta":"","header-main-stick-meta":"","header-below-stick-meta":"","astra-migrate-meta-layouts":"default","ast-page-background-enabled":"default","ast-page-background-meta":{"desktop":{"background-color":"var(--ast-global-color-5)","background-image":"","background-repeat":"repeat","background-position":"center center","background-size":"auto","background-attachment":"scroll","background-type":"","background-media":"","overlay-type":"","overlay-color":"","overlay-opacity":"","overlay-gradient":""},"tablet":{"background-color":"","background-image":"","background-repeat":"repeat","background-position":"center center","background-size":"auto","background-attachment":"scroll","background-type":"","background-media":"","overlay-type":"","overlay-color":"","overlay-opacity":"","overlay-gradient":""},"mobile":{"background-color":"","background-image":"","background-repeat":"repeat","background-position":"center center","background-size":"auto","background-attachment":"scroll","background-type":"","background-media":"","overlay-type":"","overlay-color":"","overlay-opacity":"","overlay-gradient":""}},"ast-content-background-meta":{"desktop":{"background-color":"var(--ast-global-color-4)","background-image":"","background-repeat":"repeat","background-position":"center center","background-size":"auto","background-attachment":"scroll","background-type":"","background-media":"","overlay-type":"","overlay-color":"","overlay-opacity":"","overlay-gradient":""},"tablet":{"background-color":"var(--ast-global-color-4)","background-image":"","background-repeat":"repeat","background-position":"center center","background-size":"auto","background-attachment":"scroll","background-type":"","background-media":"","overlay-type":"","overlay-color":"","overlay-opacity":"","overlay-gradient":""},"mobile":{"background-color":"var(--ast-global-color-4)","background-image":"","background-repeat":"repeat","background-position":"center center","background-size":"auto","background-attachment":"scroll","background-type":"","background-media":"","overlay-type":"","overlay-color":"","overlay-opacity":"","overlay-gradient":""}},"footnotes":""},"class_list":["post-351","page","type-page","status-publish","hentry"],"campaignId":"","jetpack_sharing_enabled":true,"_links":{"self":[{"href":"https:\/\/ivsahealth.org\/de\/wp-json\/wp\/v2\/pages\/351","targetHints":{"allow":["GET"]}}],"collection":[{"href":"https:\/\/ivsahealth.org\/de\/wp-json\/wp\/v2\/pages"}],"about":[{"href":"https:\/\/ivsahealth.org\/de\/wp-json\/wp\/v2\/types\/page"}],"author":[{"embeddable":true,"href":"https:\/\/ivsahealth.org\/de\/wp-json\/wp\/v2\/users\/1"}],"replies":[{"embeddable":true,"href":"https:\/\/ivsahealth.org\/de\/wp-json\/wp\/v2\/comments?post=351"}],"version-history":[{"count":31,"href":"https:\/\/ivsahealth.org\/de\/wp-json\/wp\/v2\/pages\/351\/revisions"}],"predecessor-version":[{"id":1409,"href":"https:\/\/ivsahealth.org\/de\/wp-json\/wp\/v2\/pages\/351\/revisions\/1409"}],"wp:attachment":[{"href":"https:\/\/ivsahealth.org\/de\/wp-json\/wp\/v2\/media?parent=351"}],"curies":[{"name":"wp","href":"https:\/\/api.w.org\/{rel}","templated":true}]}}