{"id":817,"date":"2025-08-26T07:07:49","date_gmt":"2025-08-26T07:07:49","guid":{"rendered":"https:\/\/ivsahealth.org\/?page_id=817"},"modified":"2025-11-26T14:28:35","modified_gmt":"2025-11-26T14:28:35","slug":"medizinische-notfallversorgung","status":"publish","type":"page","link":"https:\/\/ivsahealth.org\/de\/emergency-medical-care\/","title":{"rendered":"Notfallmedizinische Versorgung"},"content":{"rendered":"<div data-elementor-type=\"wp-page\" data-elementor-id=\"817\" class=\"elementor elementor-817\" data-elementor-post-type=\"page\">\n\t\t\t\t<div class=\"elementor-element elementor-element-16cd0b8 e-flex e-con-boxed e-con e-parent\" data-id=\"16cd0b8\" data-element_type=\"container\" data-e-type=\"container\" data-settings=\"{&quot;background_background&quot;:&quot;classic&quot;}\">\n\t\t\t\t\t<div class=\"e-con-inner\">\n\t\t<div class=\"elementor-element elementor-element-074fe45 e-con-full e-flex elementor-invisible e-con e-child\" data-id=\"074fe45\" data-element_type=\"container\" data-e-type=\"container\" data-settings=\"{&quot;animation&quot;:&quot;fadeInRight&quot;}\">\n\t\t\t\t<div class=\"elementor-element elementor-element-ecae3ff elementor-widget__width-initial elementor-widget elementor-widget-heading\" data-id=\"ecae3ff\" data-element_type=\"widget\" data-e-type=\"widget\" data-widget_type=\"heading.default\">\n\t\t\t\t\t<h2 class=\"elementor-heading-title elementor-size-default\">Humanit\u00e4re Mission<\/h2>\t\t\t\t<\/div>\n\t\t\t\t<\/div>\n\t\t\t\t\t<\/div>\n\t\t\t\t<\/div>\n\t\t<div class=\"elementor-element elementor-element-a05cdd5 e-flex e-con-boxed e-con e-parent\" data-id=\"a05cdd5\" data-element_type=\"container\" data-e-type=\"container\">\n\t\t\t\t\t<div class=\"e-con-inner\">\n\t\t<div class=\"elementor-element elementor-element-26b564e e-con-full e-flex e-con e-child\" data-id=\"26b564e\" data-element_type=\"container\" data-e-type=\"container\">\n\t\t<div class=\"elementor-element elementor-element-14f9e12 e-con-full e-flex elementor-invisible e-con e-child\" data-id=\"14f9e12\" data-element_type=\"container\" data-e-type=\"container\" data-settings=\"{&quot;animation&quot;:&quot;fadeInRight&quot;}\">\n\t\t\t\t<div class=\"elementor-element elementor-element-99715f5 elementor-widget elementor-widget-heading\" data-id=\"99715f5\" data-element_type=\"widget\" data-e-type=\"widget\" data-widget_type=\"heading.default\">\n\t\t\t\t\t<h2 class=\"elementor-heading-title elementor-size-default\">Notfallmedizinische Versorgung<\/h2>\t\t\t\t<\/div>\n\t\t\t\t<div class=\"elementor-element elementor-element-128f2f3 elementor-widget elementor-widget-text-editor\" data-id=\"128f2f3\" data-element_type=\"widget\" data-e-type=\"widget\" data-widget_type=\"text-editor.default\">\n\t\t\t\t\t\t\t\t\t<p>Bei der International Vascular Surgery Association (IVSA) geht unsere Mission \u00fcber die F\u00f6rderung eines medizinischen Fachgebiets hinaus \u2013 es geht darum, Leben zu retten, Wissen aufzubauen und Fachwissen \u00fcber Grenzen hinweg zu verbinden. Wir glauben, dass die Gef\u00e4\u00dfgesundheit Teil der globalen Gesundheit ist und dass die Herausforderungen von heute eine gemeinsame Antwort von Chirurgen, Forschern und P\u00e4dagogen auf der ganzen Welt erfordern.<\/p><p>Jedes Jahr sind unz\u00e4hlige Patienten mit lebensbedrohlichen Erkrankungen wie Arterienverschl\u00fcssen, Aneurysmen und Traumata konfrontiert, die eine dringende chirurgische Behandlung erfordern. Unsere Mission ist es, sicherzustellen, dass Patienten unabh\u00e4ngig von ihrem Wohnort von den h\u00f6chsten Standards der Gef\u00e4\u00dfchirurgie profitieren k\u00f6nnen. Um dies zu erreichen, bringt die IVSA Fachleute aus allen Kontinenten zusammen, um Forschungsergebnisse auszutauschen, neue Operationstechniken zu entwickeln und praktische Schulungen anzubieten, die die F\u00e4higkeiten und das Selbstvertrauen in Operationss\u00e4len weltweit st\u00e4rken.<\/p><p>Bildung steht im Mittelpunkt unserer Arbeit. Durch internationale Kongresse, Workshops und Schulungsprogramme bieten wir Chirurgen \u2013 sowohl etablierten Experten als auch aufstrebenden Fachkr\u00e4ften \u2013 M\u00f6glichkeiten zum Lernen, zur Innovation und zur Zusammenarbeit. Durch die F\u00f6rderung von Mentoring und Vielfalt innerhalb unserer Gemeinschaft bef\u00e4higt die IVSA die n\u00e4chste Generation von Gef\u00e4\u00dfchirurgen, das Erbe von Exzellenz und Mitgef\u00fchl weiterzuf\u00fchren.<\/p><p>Unsere Mission beschr\u00e4nkt sich jedoch nicht auf Konferenzen oder H\u00f6rs\u00e4le. Wenn Katastrophen eintreten und Gemeinden mit medizinischen Notf\u00e4llen konfrontiert sind, tritt IVSA in Aktion. Wir entsenden \u00c4rzte direkt vor Ort \u2013 in Krisengebiete und Katastrophengebiete \u2013, wo sie mit ihrem chirurgischen Fachwissen unter dringendsten Bedingungen Leben retten k\u00f6nnen. Durch ihre Pr\u00e4senz vor Ort verk\u00f6rpern unsere Mitglieder den wahren Geist der Medizin: Dienst, Menschlichkeit und sofortige Hilfe f\u00fcr Menschen in Not.<\/p><p>Als unabh\u00e4ngige internationale medizinische Hilfsorganisation leistet IVSA auch medizinische Nothilfe f\u00fcr Menschen in Krisenregionen weltweit, darunter Konfliktgebiete, Epidemien und Naturkatastrophen. Zu unseren Teams geh\u00f6ren nicht nur Gef\u00e4\u00dfchirurgen, sondern auch \u00c4rzte, Krankenschwestern, Logistiker und andere wichtige Mitarbeiter, die unter schwierigsten Bedingungen \u2013 von Fl\u00fcchtlingslagern bis hin zu Katastrophengebieten \u2013 Patienten behandeln und auf dringende Gesundheitskrisen reagieren.<\/p><p>Wir sind uns auch der Bedeutung globaler Zusammenarbeit bewusst. Deshalb suchen wir aktiv die Zusammenarbeit mit internationalen Organisationen wie der Weltgesundheitsorganisation (WHO), \u00c4rzte ohne Grenzen (MSF) und anderen humanit\u00e4ren Organisationen. Gemeinsam k\u00f6nnen wir die Wirkung maximieren, die medizinische Versorgung ausweiten und sicherstellen, dass die Hilfe diejenigen erreicht, die sie am dringendsten ben\u00f6tigen, unabh\u00e4ngig von den Umst\u00e4nden.<\/p><p>Die Zusammenarbeit bleibt der Kern dieser Vision. Wir sind uns bewusst, dass Fortschritte in der Medizin nicht isoliert, sondern nur durch gemeinsame Anstrengungen erzielt werden k\u00f6nnen. Aus diesem Grund dient die IVSA als globale Plattform, auf der Wissen ausgetauscht, Partnerschaften aufgebaut und Ideen in lebensrettende L\u00f6sungen umgesetzt werden. Von modernsten endovaskul\u00e4ren Technologien bis hin zur traditionellen offenen Chirurgie begr\u00fc\u00dfen wir jeden Fortschritt, der die Behandlungsergebnisse f\u00fcr Patienten verbessern kann.<\/p><p>Letztendlich geht es bei unserer Mission um Menschen. Hinter jeder Vorlesung, jeder Schulung, jedem Einsatz in einem Katastrophengebiet und jedem chirurgischen Durchbruch steht der Patient, der eine weitere Chance auf Leben erh\u00e4lt. Bei IVSA setzen wir uns daf\u00fcr ein, dass sich die Gef\u00e4\u00dfchirurgie nicht nur als Wissenschaft, sondern auch als Dienst an der Menschheit weiterentwickelt.<\/p>\t\t\t\t\t\t\t\t<\/div>\n\t\t\t\t<\/div>\n\t\t\t\t<\/div>\n\t\t\t\t\t<\/div>\n\t\t\t\t<\/div>\n\t\t<div class=\"elementor-element elementor-element-2402473 e-flex e-con-boxed e-con e-parent\" data-id=\"2402473\" data-element_type=\"container\" data-e-type=\"container\">\n\t\t\t\t\t<div class=\"e-con-inner\">\n\t\t<div class=\"elementor-element elementor-element-00d243a e-con-full e-flex e-con e-child\" data-id=\"00d243a\" data-element_type=\"container\" data-e-type=\"container\">\n\t\t<div class=\"elementor-element elementor-element-0529584 e-con-full e-flex elementor-invisible e-con e-child\" data-id=\"0529584\" data-element_type=\"container\" data-e-type=\"container\" data-settings=\"{&quot;animation&quot;:&quot;fadeInRight&quot;}\">\n\t\t\t\t<div class=\"elementor-element elementor-element-667ce2c elementor-widget elementor-widget-heading\" data-id=\"667ce2c\" data-element_type=\"widget\" data-e-type=\"widget\" data-widget_type=\"heading.default\">\n\t\t\t\t\t<h2 class=\"elementor-heading-title elementor-size-default\">Durch Wissenschaft, Zusammenarbeit und Mitgef\u00fchl gestaltet die IVSA die Zukunft der Gef\u00e4\u00dfchirurgie \u2013 weltweit.<\/h2>\t\t\t\t<\/div>\n\t\t\t\t<\/div>\n\t\t\t\t<\/div>\n\t\t\t\t\t<\/div>\n\t\t\t\t<\/div>\n\t\t<div class=\"elementor-element elementor-element-ed80c03 e-flex e-con-boxed e-con e-parent\" data-id=\"ed80c03\" data-element_type=\"container\" data-e-type=\"container\" data-settings=\"{&quot;background_background&quot;:&quot;classic&quot;}\">\n\t\t\t\t\t<div class=\"e-con-inner\">\n\t\t<div class=\"elementor-element elementor-element-c63ba37 e-con-full e-flex elementor-invisible e-con e-child\" data-id=\"c63ba37\" data-element_type=\"container\" data-e-type=\"container\" data-settings=\"{&quot;animation&quot;:&quot;fadeInRight&quot;}\">\n\t\t\t\t<div class=\"elementor-element elementor-element-f4e2edb elementor-widget elementor-widget-heading\" data-id=\"f4e2edb\" data-element_type=\"widget\" data-e-type=\"widget\" data-widget_type=\"heading.default\">\n\t\t\t\t\t<h2 class=\"elementor-heading-title elementor-size-default\">Los geht's<\/h2>\t\t\t\t<\/div>\n\t\t\t\t<div class=\"elementor-element elementor-element-885f057 elementor-widget__width-initial elementor-widget-mobile__width-initial elementor-widget elementor-widget-heading\" data-id=\"885f057\" data-element_type=\"widget\" data-e-type=\"widget\" data-widget_type=\"heading.default\">\n\t\t\t\t\t<h2 class=\"elementor-heading-title elementor-size-default\">Lassen Sie uns etwas Unvergessliches schaffen<\/h2>\t\t\t\t<\/div>\n\t\t\t\t<div class=\"elementor-element elementor-element-6614523 elementor-widget__width-initial elementor-widget-tablet__width-initial elementor-widget elementor-widget-text-editor\" data-id=\"6614523\" data-element_type=\"widget\" data-e-type=\"widget\" data-widget_type=\"text-editor.default\">\n\t\t\t\t\t\t\t\t\t<p>Gemeinsam k\u00f6nnen wir die Wissenschaft und Praxis der Gef\u00e4\u00dfchirurgie weltweit voranbringen.<\/p>\t\t\t\t\t\t\t\t<\/div>\n\t\t<div class=\"elementor-element elementor-element-4c5e234 e-con-full e-flex e-con e-child\" data-id=\"4c5e234\" data-element_type=\"container\" data-e-type=\"container\">\n\t\t\t\t<div class=\"elementor-element elementor-element-0b0a764 elementor-align-center elementor-mobile-align-justify elementor-widget elementor-widget-button\" data-id=\"0b0a764\" data-element_type=\"widget\" data-e-type=\"widget\" data-widget_type=\"button.default\">\n\t\t\t\t\t\t\t\t\t\t<a class=\"elementor-button elementor-button-link elementor-size-sm\" href=\"https:\/\/ivsahealth.org\/de\/mitgliedschaft\/\">\n\t\t\t\t\t\t<span class=\"elementor-button-content-wrapper\">\n\t\t\t\t\t\t\t\t\t<span class=\"elementor-button-text\">Mitglied werden<\/span>\n\t\t\t\t\t<\/span>\n\t\t\t\t\t<\/a>\n\t\t\t\t\t\t\t\t<\/div>\n\t\t\t\t<\/div>\n\t\t\t\t<\/div>\n\t\t\t\t\t<\/div>\n\t\t\t\t<\/div>\n\t\t\t\t<\/div>","protected":false},"excerpt":{"rendered":"<p>Humanitaire mission Emergency medical care At the International Vascular Surgery Association (IVSA), our mission goes beyond advancing a medical specialty\u2014it [&hellip;]<\/p>\n","protected":false},"author":1,"featured_media":0,"parent":0,"menu_order":0,"comment_status":"closed","ping_status":"closed","template":"elementor_header_footer","meta":{"give_campaign_id":0,"site-sidebar-layout":"no-sidebar","site-content-layout":"","ast-site-content-layout":"full-width-container","site-content-style":"default","site-sidebar-style":"default","ast-global-header-display":"","ast-banner-title-visibility":"","ast-main-header-display":"","ast-hfb-above-header-display":"","ast-hfb-below-header-display":"","ast-hfb-mobile-header-display":"","site-post-title":"","ast-breadcrumbs-content":"","ast-featured-img":"disabled","footer-sml-layout":"","ast-disable-related-posts":"","theme-transparent-header-meta":"","adv-header-id-meta":"","stick-header-meta":"","header-above-stick-meta":"","header-main-stick-meta":"","header-below-stick-meta":"","astra-migrate-meta-layouts":"default","ast-page-background-enabled":"default","ast-page-background-meta":{"desktop":{"background-color":"var(--ast-global-color-5)","background-image":"","background-repeat":"repeat","background-position":"center center","background-size":"auto","background-attachment":"scroll","background-type":"","background-media":"","overlay-type":"","overlay-color":"","overlay-opacity":"","overlay-gradient":""},"tablet":{"background-color":"","background-image":"","background-repeat":"repeat","background-position":"center center","background-size":"auto","background-attachment":"scroll","background-type":"","background-media":"","overlay-type":"","overlay-color":"","overlay-opacity":"","overlay-gradient":""},"mobile":{"background-color":"","background-image":"","background-repeat":"repeat","background-position":"center center","background-size":"auto","background-attachment":"scroll","background-type":"","background-media":"","overlay-type":"","overlay-color":"","overlay-opacity":"","overlay-gradient":""}},"ast-content-background-meta":{"desktop":{"background-color":"var(--ast-global-color-4)","background-image":"","background-repeat":"repeat","background-position":"center center","background-size":"auto","background-attachment":"scroll","background-type":"","background-media":"","overlay-type":"","overlay-color":"","overlay-opacity":"","overlay-gradient":""},"tablet":{"background-color":"var(--ast-global-color-4)","background-image":"","background-repeat":"repeat","background-position":"center center","background-size":"auto","background-attachment":"scroll","background-type":"","background-media":"","overlay-type":"","overlay-color":"","overlay-opacity":"","overlay-gradient":""},"mobile":{"background-color":"var(--ast-global-color-4)","background-image":"","background-repeat":"repeat","background-position":"center center","background-size":"auto","background-attachment":"scroll","background-type":"","background-media":"","overlay-type":"","overlay-color":"","overlay-opacity":"","overlay-gradient":""}},"footnotes":""},"class_list":["post-817","page","type-page","status-publish","hentry"],"campaignId":"","jetpack_sharing_enabled":true,"_links":{"self":[{"href":"https:\/\/ivsahealth.org\/de\/wp-json\/wp\/v2\/pages\/817","targetHints":{"allow":["GET"]}}],"collection":[{"href":"https:\/\/ivsahealth.org\/de\/wp-json\/wp\/v2\/pages"}],"about":[{"href":"https:\/\/ivsahealth.org\/de\/wp-json\/wp\/v2\/types\/page"}],"author":[{"embeddable":true,"href":"https:\/\/ivsahealth.org\/de\/wp-json\/wp\/v2\/users\/1"}],"replies":[{"embeddable":true,"href":"https:\/\/ivsahealth.org\/de\/wp-json\/wp\/v2\/comments?post=817"}],"version-history":[{"count":13,"href":"https:\/\/ivsahealth.org\/de\/wp-json\/wp\/v2\/pages\/817\/revisions"}],"predecessor-version":[{"id":1336,"href":"https:\/\/ivsahealth.org\/de\/wp-json\/wp\/v2\/pages\/817\/revisions\/1336"}],"wp:attachment":[{"href":"https:\/\/ivsahealth.org\/de\/wp-json\/wp\/v2\/media?parent=817"}],"curies":[{"name":"wp","href":"https:\/\/api.w.org\/{rel}","templated":true}]}}