{"id":564,"date":"2025-08-15T14:40:23","date_gmt":"2025-08-15T14:40:23","guid":{"rendered":"https:\/\/ivsahealth.org\/?post_type=product&#038;p=564"},"modified":"2025-11-26T14:37:38","modified_gmt":"2025-11-26T14:37:38","slug":"ivsa-kongress-2025-dortmund-deutschland-ticket","status":"publish","type":"product","link":"https:\/\/ivsahealth.org\/de\/product\/ivsa-congress-2025-dortmund-germany-ticket\/","title":{"rendered":"IVSA-Kongress 2025 - Dortmund, Deutschland | Ticket"},"content":{"rendered":"<p>\ud83d\udccd <strong>Standort:<\/strong> Dortmund, Germany \u2013 Radisson Blu Hotel, Conference Halls 2 &amp; 3<br \/>\n\ud83d\udcc5 <strong>Datum:<\/strong> Samstag, 8. November 2025<br \/>\n\ud83d\udd58 <strong>Zeit:<\/strong> 09:00 \u2013 17:15<br \/>\n\ud83c\udf7d\ufe0f <strong>Abendessen:<\/strong> Ab 18:00 Uhr<br \/>\n\ud83d\udc65 <strong>IVSA-Generalversammlung:<\/strong> Ab 19:30 Uhr<br \/>\n\ud83c\udf10 <strong>Kongresssprache:<\/strong> Deutsch (mit ausgew\u00e4hlten Vortr\u00e4gen auf Englisch)<\/p>\n<p><strong>\ud83d\udd39 Vormittagsprogramm (09:00 \u2013 12:00 Uhr): Praktische Workshops<\/strong><\/p>\n<p>Zum Auftakt des Kongresses werden zwei parallele praktische Workshops angeboten. Die Teilnehmer werden in zwei Gruppen aufgeteilt, die jeweils in einem separaten Raum trainieren:<\/p>\n<p><strong>\ud83d\uddd3\ufe0f Workshop-Zeitplan:<\/strong><\/p>\n<ul>\n<li><strong>09:00 \u2013 09:15:<\/strong> Anmeldung &amp; Vorstellung der Organisation<\/li>\n<li><strong>09:15 \u2013 10:30:<\/strong> Erste praktische Sitzung<\/li>\n<li><strong>10:30 \u2013 10:45:<\/strong> Kaffeepause<\/li>\n<li><strong>10:45 \u2013 12:00:<\/strong> Zweite Sitzung mit fortgeschrittenen Techniken<\/li>\n<li><strong>12:00:<\/strong> Ende der Workshops<\/li>\n<li><strong>12:00 \u2013 13:15:<\/strong> Mittagspause &amp; Anmeldung f\u00fcr das wissenschaftliche Nachmittagsprogramm<\/li>\n<\/ul>\n<p><strong>\ud83d\udd27 Workshop 1 \u2013 Gef\u00e4\u00dfultraschall und Duplex-Diagnostik<\/strong><\/p>\n<p><strong>Dozenten:<\/strong> Esmaeel Heggy und Anas Hijazi<br \/>\n\ud83d\udccd <strong>Standort:<\/strong> Halle 2<\/p>\n<ul>\n<li>Praktische Schulung in Duplex-Ultraschall<\/li>\n<li>H\u00e4modynamische Durchflussmesstechniken<\/li>\n<li>Ven\u00f6se und arterielle Punktion<\/li>\n<li>Interpretation klinischer F\u00e4lle<\/li>\n<\/ul>\n<p>&nbsp;<\/p>\n<p>&nbsp;<\/p>\n<p><strong>\ud83e\uddf5 Workshop 2 \u2013 Gef\u00e4\u00dfanastomose an anatomischen Modellen<\/strong><\/p>\n<p><strong>Dozenten:<\/strong> Muhanad Nasif &amp; Ahmad Qozat &amp;<\/p>\n<p>Mohammed Farhouda &amp; Mohamed Bani Hani<br \/>\n\ud83d\udccd <strong>Standort:<\/strong> Halle 3<\/p>\n<ul>\n<li>Mikrochirurgische Nahttechniken unter Verwendung naturgetreuer Gef\u00e4\u00dfmodelle<\/li>\n<li>Fallschirmtechnik<\/li>\n<li>Kontinuierliche Anastomosetechnik<\/li>\n<li>End-zu-End-, End-zu-Seiten- und Seiten-zu-Seiten-Anastomosen<\/li>\n<li>Instrumentenhandhabung und chirurgische Simulation<\/li>\n<\/ul>\n<p><strong>\ud83d\udcda Wissenschaftliches Nachmittagsprogramm<\/strong><\/p>\n<p>\ud83d\udd50 <strong>Begr\u00fc\u00dfung und Beginn der Pr\u00e4sentationen:<\/strong> 13:15<br \/>\n\ud83d\udd51 <strong>Zeit pro Pr\u00e4sentation:<\/strong> 10 Minuten Pr\u00e4sentation + 5 Minuten Diskussion (insgesamt 15 Minuten)<\/p>\n<p><strong>\ud83d\uddd3\ufe0f Block 1 | 13:15 \u2013 15:30 Uhr<\/strong><\/p>\n<p><strong>13:15 \u2013 13:30<\/strong><br \/>\n\ud83d\udd39 <strong>Esmaeel Heggy<\/strong><br \/>\nLeiter der Gef\u00e4\u00dfchirurgie, Endovaskul\u00e4res und Chirurgisches Zentrum Nienburg\/Weser<br \/>\nPr\u00e4sident, Internationale Vereinigung f\u00fcr Gef\u00e4\u00dfchirurgie (IVSA)<br \/>\n<strong>Er\u00f6ffnungsvortrag: Begr\u00fc\u00dfungsrede und Einf\u00fchrung in die IVSA und das Kongresskonzept<\/strong><\/p>\n<table width=\"698\">\n<thead>\n<tr>\n<td width=\"66\"><strong>Zeit<\/strong><\/td>\n<td width=\"319\"><strong>Sprecher<\/strong><\/td>\n<td width=\"314\"><strong>Titel<\/strong><\/td>\n<\/tr>\n<\/thead>\n<tbody>\n<tr>\n<td width=\"66\">13:30\u201313:45<\/td>\n<td width=\"319\">Dr. J\u00f6rg Te\u00dfarek \u2013 Chefarzt, Bonifatius-Krankenhaus Lingen<\/td>\n<td width=\"314\">Intravaskul\u00e4rer Ultraschall (IVUS) in der Gef\u00e4\u00dfchirurgie: Anwendungen und klinische Relevanz<\/td>\n<\/tr>\n<tr>\n<td width=\"66\">13:45\u201314:00<\/td>\n<td width=\"319\">Dr. Hisham Kawara \u2013 Chefarzt, HEH Braunschweig<\/td>\n<td width=\"314\">Pedalrekonstruktion bei kritischer Extremit\u00e4tenisch\u00e4mie<\/td>\n<\/tr>\n<tr>\n<td width=\"66\">14:00\u201314:15<\/td>\n<td width=\"319\">Mohanad Nasif \u2013 Chefarzt, Sanitas MVZ Wuppertal<\/td>\n<td width=\"314\">Autologe, vor\u00fcbergehend \u201ekonditionierte\u201c Venenkonduits durch Arterialisierung<\/td>\n<\/tr>\n<tr>\n<td width=\"66\">14:15\u201314:30<\/td>\n<td width=\"319\">Arzt Fahed Kiswani \u2013 Leitender Facharzt, Klinikum Esslingen<\/td>\n<td width=\"314\">Thoracic-Outlet-Syndrom<\/td>\n<\/tr>\n<tr>\n<td width=\"66\">14:30\u201314:45<\/td>\n<td width=\"319\">PD Dr. Konstantinos Stavroulakis \u2013 Chefarzt, Gef\u00e4\u00df- und Endovaskul\u00e4re Chirurgie, Klinikum Rheine<\/td>\n<td width=\"314\">Aortenchirurgie \u2013 Moderne Strategien und endovaskul\u00e4re Techniken<\/td>\n<\/tr>\n<tr>\n<td width=\"66\"><\/td>\n<td width=\"319\"><\/td>\n<td width=\"314\"><\/td>\n<\/tr>\n<tr>\n<td width=\"66\">14:45\u201315:00<\/td>\n<td width=\"319\">Dr. Fadi A. Saab \u2013 \u00c4rztlicher Direktor, Michigan Outpatient Vascular Institute, USA <em>(online \u2013 Englisch)<\/em><\/td>\n<td width=\"314\">Endovaskul\u00e4re Revaskularisation bei chronischer Extremit\u00e4tenisch\u00e4mie<\/p>\n<p><em>(Visuell \u2013 Englisch)<\/em><\/td>\n<\/tr>\n<tr>\n<td width=\"66\">15:00\u201315:15<\/td>\n<td width=\"319\">Esmaeel Heggy Chirurgischer Direktor f\u00fcr Gef\u00e4\u00dfchirurgie  Medizinisches Zentrum, Nienburg\/Weser<\/td>\n<td width=\"314\">Minimalinvasive Lasertherapie bei Krampfadern<\/td>\n<\/tr>\n<tr>\n<td width=\"66\">15:15\u201315:30<\/td>\n<td width=\"319\">Mahmoud Naheel \u2013 Facharzt, Universit\u00e4tsklinikum Magdeburg<\/td>\n<td width=\"314\">Aktuelles zu Erkrankungen der Halsschlagader<\/td>\n<\/tr>\n<\/tbody>\n<\/table>\n<p>\u2615 <strong>Kaffeepause:<\/strong> 15:30 \u2013 16:00<\/p>\n<p><strong>\ud83d\uddd3\ufe0f Block 2 | 16:00 - 17:15<\/strong><\/p>\n<table>\n<thead>\n<tr>\n<td><strong>Zeit<\/strong><\/td>\n<td><strong>Sprecher<\/strong><\/td>\n<td><strong>Titel<\/strong><\/td>\n<\/tr>\n<\/thead>\n<tbody>\n<tr>\n<td>16:00-16:15<\/td>\n<td>Nawras Diab \u2013 Leitender Berater, Universit\u00e4tsherzzentrum Freiburg<\/td>\n<td>Iatrogene und traumatische Herzverletzungen: Diagnostik und Therapie<\/td>\n<\/tr>\n<tr>\n<td>16:15\u201316:30<\/td>\n<td>Dr. Walid M. Masoud \u2013 Facharzt f\u00fcr Gef\u00e4\u00df- und endovaskul\u00e4re Chirurgie, Spezialklinik Amman \u2013 Jordanien <em>(Englisch)<\/em><\/td>\n<td>Gef\u00e4\u00dfchirurgie in Jordanien<\/p>\n<p>(Englisch)<\/td>\n<\/tr>\n<tr>\n<td>16:30-16:45<\/td>\n<td>Dr. Walid M. Masoud \u2013 Facharzt f\u00fcr Gef\u00e4\u00df- und endovaskul\u00e4re Chirurgie, Spezialklinik Amman \u2013 Jordanien<\/td>\n<td>Zentrale Venenerkrankung bei Dialysepatienten<\/p>\n<p><em>(Englisch)<\/em><\/td>\n<\/tr>\n<tr>\n<td>16:45\u201317:00<\/td>\n<td>Herr Taher Faydi, MBBS, MRCSI, FRCS (VASC)<\/td>\n<td>Die Auswirkungen von COVID auf den vaskul\u00e4ren Dienst. Dreij\u00e4hrige Nachuntersuchung in einem einzigen britischen Zentrum.<\/td>\n<\/tr>\n<tr>\n<td>17:00-17:15<\/td>\n<td>M.B.Ch.B. Almahdi Ali - Chefarzt der Gef\u00e4\u00dfchirurgie, Helios Klinik Cuxhaven<\/td>\n<td>Ipsilaterales paradoxes thromboembolisches Ereignis mit tiefer Venenthrombose und akuter Extremit\u00e4tenisch\u00e4mie<\/td>\n<\/tr>\n<tr>\n<td>17:15\u201317:30<\/td>\n<td>Anas Hijazi - Oberarzt, Universit\u00e4tsklinikum Magdeburg<\/td>\n<td>Einblicke in die moderne Wundversorgung<\/td>\n<\/tr>\n<tr>\n<td>17:30-17:45<\/td>\n<td>Ahmed Abo Alnada Leiter der Gef\u00e4\u00dfchirurgie im Shifa-Krankenhaus &amp;<\/p>\n<p>Ibrahim Ramdan Leiter der Gef\u00e4\u00dfchirurgie im indonesischen Krankenhaus<\/td>\n<td>Gef\u00e4\u00dfchirurgie in Gaza 2024 und 2025 (Englisch\/Deutsch)<\/p>\n<p>Visuell<\/td>\n<\/tr>\n<\/tbody>\n<\/table>\n<p>\ud83d\udd1a <strong>Schlussbemerkungen<\/strong>: 18:00 Uhr von Esmaeel Heggy<\/p>\n<p>\ud83c\udf7d\ufe0f <strong>18:00 \u2013 19:30<\/strong> \u2013 Abendessen f\u00fcr alle Teilnehmer im Restaurant des Radisson Blu Hotels<br \/>\n\ud83d\udc65 <strong>19:30 \u2013 21:00<\/strong> \u2013 IVSA-Mitgliederversammlung<\/p>\n<p>\u2705 <strong>Wichtige Hinweise:<\/strong><\/p>\n<ul>\n<li>Alle Vortr\u00e4ge werden moderiert \u2013 bitte halten Sie sich strikt an die zugewiesenen Zeiten.<\/li>\n<li>Aktive Diskussionen im Anschluss an jede Pr\u00e4sentation sind ausdr\u00fccklich erw\u00fcnscht.<\/li>\n<li>Teilnahmebescheinigungen werden nach dem Kongress ausgestellt.<\/li>\n<\/ul>","protected":false},"excerpt":{"rendered":"<p>Nehmen Sie am ersten weltweiten Kongress der International Vascular Surgery Association teil, der zum ersten Mal stattfindet. <strong data-start=\"354\" data-end=\"374\">8. November 2025<\/strong>im Radisson Blu Hotel in Dortmund. Ein ganzer Tag voller <strong data-start=\"427\" data-end=\"449\">praktische Workshops<\/strong>, <strong data-start=\"451\" data-end=\"479\">wissenschaftliche Vortr\u00e4ge<\/strong>und <strong data-start=\"485\" data-end=\"513\">internationale Vernetzung<\/strong> mit f\u00fchrenden Spezialisten f\u00fcr Gef\u00e4\u00df- und Endovaskul\u00e4rmedizin.<\/p>","protected":false},"featured_media":1258,"comment_status":"open","ping_status":"closed","template":"","meta":{"give_campaign_id":0,"site-sidebar-layout":"default","site-content-layout":"","ast-site-content-layout":"default","site-content-style":"default","site-sidebar-style":"default","ast-global-header-display":"","ast-banner-title-visibility":"","ast-main-header-display":"","ast-hfb-above-header-display":"","ast-hfb-below-header-display":"","ast-hfb-mobile-header-display":"","site-post-title":"","ast-breadcrumbs-content":"","ast-featured-img":"","footer-sml-layout":"","ast-disable-related-posts":"","theme-transparent-header-meta":"default","adv-header-id-meta":"","stick-header-meta":"","header-above-stick-meta":"","header-main-stick-meta":"","header-below-stick-meta":"","astra-migrate-meta-layouts":"set","ast-page-background-enabled":"default","ast-page-background-meta":{"desktop":{"background-color":"var(--ast-global-color-5)","background-image":"","background-repeat":"repeat","background-position":"center center","background-size":"auto","background-attachment":"scroll","background-type":"","background-media":"","overlay-type":"","overlay-color":"","overlay-opacity":"","overlay-gradient":""},"tablet":{"background-color":"","background-image":"","background-repeat":"repeat","background-position":"center center","background-size":"auto","background-attachment":"scroll","background-type":"","background-media":"","overlay-type":"","overlay-color":"","overlay-opacity":"","overlay-gradient":""},"mobile":{"background-color":"","background-image":"","background-repeat":"repeat","background-position":"center center","background-size":"auto","background-attachment":"scroll","background-type":"","background-media":"","overlay-type":"","overlay-color":"","overlay-opacity":"","overlay-gradient":""}},"ast-content-background-meta":{"desktop":{"background-color":"var(--ast-global-color-4)","background-image":"","background-repeat":"repeat","background-position":"center center","background-size":"auto","background-attachment":"scroll","background-type":"","background-media":"","overlay-type":"","overlay-color":"","overlay-opacity":"","overlay-gradient":""},"tablet":{"background-color":"var(--ast-global-color-4)","background-image":"","background-repeat":"repeat","background-position":"center center","background-size":"auto","background-attachment":"scroll","background-type":"","background-media":"","overlay-type":"","overlay-color":"","overlay-opacity":"","overlay-gradient":""},"mobile":{"background-color":"var(--ast-global-color-4)","background-image":"","background-repeat":"repeat","background-position":"center center","background-size":"auto","background-attachment":"scroll","background-type":"","background-media":"","overlay-type":"","overlay-color":"","overlay-opacity":"","overlay-gradient":""}}},"product_brand":[],"product_cat":[31],"product_tag":[],"class_list":{"0":"post-564","1":"product","2":"type-product","3":"status-publish","4":"has-post-thumbnail","6":"product_cat-congress-2025","7":"desktop-align-left","8":"tablet-align-left","9":"mobile-align-left","11":"first","12":"outofstock","13":"sold-individually","14":"shipping-taxable","15":"purchasable","16":"product-type-variable"},"jetpack_sharing_enabled":true,"_links":{"self":[{"href":"https:\/\/ivsahealth.org\/de\/wp-json\/wp\/v2\/product\/564","targetHints":{"allow":["GET"]}}],"collection":[{"href":"https:\/\/ivsahealth.org\/de\/wp-json\/wp\/v2\/product"}],"about":[{"href":"https:\/\/ivsahealth.org\/de\/wp-json\/wp\/v2\/types\/product"}],"replies":[{"embeddable":true,"href":"https:\/\/ivsahealth.org\/de\/wp-json\/wp\/v2\/comments?post=564"}],"wp:featuredmedia":[{"embeddable":true,"href":"https:\/\/ivsahealth.org\/de\/wp-json\/wp\/v2\/media\/1258"}],"wp:attachment":[{"href":"https:\/\/ivsahealth.org\/de\/wp-json\/wp\/v2\/media?parent=564"}],"wp:term":[{"taxonomy":"product_brand","embeddable":true,"href":"https:\/\/ivsahealth.org\/de\/wp-json\/wp\/v2\/product_brand?post=564"},{"taxonomy":"product_cat","embeddable":true,"href":"https:\/\/ivsahealth.org\/de\/wp-json\/wp\/v2\/product_cat?post=564"},{"taxonomy":"product_tag","embeddable":true,"href":"https:\/\/ivsahealth.org\/de\/wp-json\/wp\/v2\/product_tag?post=564"}],"curies":[{"name":"wp","href":"https:\/\/api.w.org\/{rel}","templated":true}]}}